{"id":592,"date":"2019-04-05T12:14:15","date_gmt":"2019-04-05T16:14:15","guid":{"rendered":"https:\/\/tentesam.ca\/?post_type=product&#038;p=592"},"modified":"2025-10-26T10:20:41","modified_gmt":"2025-10-26T14:20:41","slug":"tentes-commandes-speciales","status":"publish","type":"product","link":"https:\/\/tentesam.ca\/index.php\/produit\/tentes-commandes-speciales\/","title":{"rendered":"Commandes sp\u00e9ciales"},"content":{"rendered":"<h4>EXEMPLES :<\/h4>\n<p><strong>Portique<\/strong><\/p>\n<h4><strong>Tente mod\u00e8le Viking<\/strong><\/h4>\n<h4><strong>Tente \u00abpop\u00bb<\/strong><\/h4>\n<h4>Tente octogonale<\/h4>\n<p><strong>Toile de VR<\/strong><\/p>\n<p><strong>Sacs pour jouets<\/strong><\/p>\n<ul>\n<li><strong>Sur mesure, prix sur demande<\/strong><\/li>\n<\/ul>\n<p>Taxes non-incluses. Les prix peuvent changer sans pr\u00e9avis.<\/p>\n","protected":false},"excerpt":{"rendered":"<p>Voici d&#8217;autres commandes sp\u00e9ciales de tentes \u00e0 titre d&#8217;exemples.<\/p>\n","protected":false},"featured_media":952,"template":"","meta":[],"product_cat":[19,17,16],"product_tag":[],"yoast_head":"<!-- This site is optimized with the Yoast SEO plugin v19.7.1 - https:\/\/yoast.com\/wordpress\/plugins\/seo\/ -->\n<title>Commandes sp\u00e9ciales - TENTES AM\u00c9LIE MARCOTTE<\/title>\n<meta name=\"robots\" content=\"index, follow, max-snippet:-1, max-image-preview:large, max-video-preview:-1\" \/>\n<link rel=\"canonical\" href=\"https:\/\/tentesam.ca\/index.php\/produit\/tentes-commandes-speciales\/\" \/>\n<meta property=\"og:locale\" content=\"fr_FR\" \/>\n<meta property=\"og:type\" content=\"article\" \/>\n<meta property=\"og:title\" content=\"Commandes sp\u00e9ciales - TENTES AM\u00c9LIE MARCOTTE\" \/>\n<meta property=\"og:description\" content=\"Voici d&#039;autres commandes sp\u00e9ciales de tentes \u00e0 titre d&#039;exemples.\" \/>\n<meta property=\"og:url\" content=\"https:\/\/tentesam.ca\/index.php\/produit\/tentes-commandes-speciales\/\" \/>\n<meta property=\"og:site_name\" content=\"TENTES AM\u00c9LIE MARCOTTE\" \/>\n<meta property=\"article:publisher\" content=\"https:\/\/www.facebook.com\/tentes.amelie.marcotte\" \/>\n<meta property=\"article:modified_time\" content=\"2025-10-26T14:20:41+00:00\" \/>\n<meta property=\"og:image\" content=\"https:\/\/tentesam.ca\/wp-content\/uploads\/2019\/04\/IMG_5634-scaled.jpg\" \/>\n\t<meta property=\"og:image:width\" content=\"2560\" \/>\n\t<meta property=\"og:image:height\" content=\"1920\" \/>\n\t<meta property=\"og:image:type\" content=\"image\/jpeg\" \/>\n<meta name=\"twitter:card\" content=\"summary_large_image\" \/>\n<meta name=\"twitter:label1\" content=\"Dur\u00e9e de lecture estim\u00e9e\" \/>\n\t<meta name=\"twitter:data1\" content=\"1 minute\" \/>\n<script type=\"application\/ld+json\" class=\"yoast-schema-graph\">{\"@context\":\"https:\/\/schema.org\",\"@graph\":[{\"@type\":\"WebPage\",\"@id\":\"https:\/\/tentesam.ca\/index.php\/produit\/tentes-commandes-speciales\/\",\"url\":\"https:\/\/tentesam.ca\/index.php\/produit\/tentes-commandes-speciales\/\",\"name\":\"Commandes sp\u00e9ciales - TENTES AM\u00c9LIE MARCOTTE\",\"isPartOf\":{\"@id\":\"https:\/\/tentesam.ca\/#website\"},\"datePublished\":\"2019-04-05T16:14:15+00:00\",\"dateModified\":\"2025-10-26T14:20:41+00:00\",\"breadcrumb\":{\"@id\":\"https:\/\/tentesam.ca\/index.php\/produit\/tentes-commandes-speciales\/#breadcrumb\"},\"inLanguage\":\"fr-FR\",\"potentialAction\":[{\"@type\":\"ReadAction\",\"target\":[\"https:\/\/tentesam.ca\/index.php\/produit\/tentes-commandes-speciales\/\"]}]},{\"@type\":\"BreadcrumbList\",\"@id\":\"https:\/\/tentesam.ca\/index.php\/produit\/tentes-commandes-speciales\/#breadcrumb\",\"itemListElement\":[{\"@type\":\"ListItem\",\"position\":1,\"name\":\"Accueil\",\"item\":\"https:\/\/tentesam.ca\/\"},{\"@type\":\"ListItem\",\"position\":2,\"name\":\"Commandes sp\u00e9ciales\"}]},{\"@type\":\"WebSite\",\"@id\":\"https:\/\/tentesam.ca\/#website\",\"url\":\"https:\/\/tentesam.ca\/\",\"name\":\"TENTES AM\u00c9LIE MARCOTTE\",\"description\":\"Vivez l&#039;exp\u00e9rience TAM!\",\"publisher\":{\"@id\":\"https:\/\/tentesam.ca\/#organization\"},\"potentialAction\":[{\"@type\":\"SearchAction\",\"target\":{\"@type\":\"EntryPoint\",\"urlTemplate\":\"https:\/\/tentesam.ca\/?s={search_term_string}\"},\"query-input\":\"required name=search_term_string\"}],\"inLanguage\":\"fr-FR\"},{\"@type\":\"Organization\",\"@id\":\"https:\/\/tentesam.ca\/#organization\",\"name\":\"TAM\",\"url\":\"https:\/\/tentesam.ca\/\",\"sameAs\":[\"https:\/\/www.facebook.com\/tentes.amelie.marcotte\"],\"logo\":{\"@type\":\"ImageObject\",\"inLanguage\":\"fr-FR\",\"@id\":\"https:\/\/tentesam.ca\/#\/schema\/logo\/image\/\",\"url\":\"https:\/\/tentesam.ca\/wp-content\/uploads\/2018\/12\/TAM_logo-web.png\",\"contentUrl\":\"https:\/\/tentesam.ca\/wp-content\/uploads\/2018\/12\/TAM_logo-web.png\",\"width\":270,\"height\":264,\"caption\":\"TAM\"},\"image\":{\"@id\":\"https:\/\/tentesam.ca\/#\/schema\/logo\/image\/\"}}]}<\/script>\n<!-- \/ Yoast SEO plugin. -->","yoast_head_json":{"title":"Commandes sp\u00e9ciales - TENTES AM\u00c9LIE MARCOTTE","robots":{"index":"index","follow":"follow","max-snippet":"max-snippet:-1","max-image-preview":"max-image-preview:large","max-video-preview":"max-video-preview:-1"},"canonical":"https:\/\/tentesam.ca\/index.php\/produit\/tentes-commandes-speciales\/","og_locale":"fr_FR","og_type":"article","og_title":"Commandes sp\u00e9ciales - TENTES AM\u00c9LIE MARCOTTE","og_description":"Voici d'autres commandes sp\u00e9ciales de tentes \u00e0 titre d'exemples.","og_url":"https:\/\/tentesam.ca\/index.php\/produit\/tentes-commandes-speciales\/","og_site_name":"TENTES AM\u00c9LIE MARCOTTE","article_publisher":"https:\/\/www.facebook.com\/tentes.amelie.marcotte","article_modified_time":"2025-10-26T14:20:41+00:00","og_image":[{"width":2560,"height":1920,"url":"https:\/\/tentesam.ca\/wp-content\/uploads\/2019\/04\/IMG_5634-scaled.jpg","type":"image\/jpeg"}],"twitter_card":"summary_large_image","twitter_misc":{"Dur\u00e9e de lecture estim\u00e9e":"1 minute"},"schema":{"@context":"https:\/\/schema.org","@graph":[{"@type":"WebPage","@id":"https:\/\/tentesam.ca\/index.php\/produit\/tentes-commandes-speciales\/","url":"https:\/\/tentesam.ca\/index.php\/produit\/tentes-commandes-speciales\/","name":"Commandes sp\u00e9ciales - TENTES AM\u00c9LIE MARCOTTE","isPartOf":{"@id":"https:\/\/tentesam.ca\/#website"},"datePublished":"2019-04-05T16:14:15+00:00","dateModified":"2025-10-26T14:20:41+00:00","breadcrumb":{"@id":"https:\/\/tentesam.ca\/index.php\/produit\/tentes-commandes-speciales\/#breadcrumb"},"inLanguage":"fr-FR","potentialAction":[{"@type":"ReadAction","target":["https:\/\/tentesam.ca\/index.php\/produit\/tentes-commandes-speciales\/"]}]},{"@type":"BreadcrumbList","@id":"https:\/\/tentesam.ca\/index.php\/produit\/tentes-commandes-speciales\/#breadcrumb","itemListElement":[{"@type":"ListItem","position":1,"name":"Accueil","item":"https:\/\/tentesam.ca\/"},{"@type":"ListItem","position":2,"name":"Commandes sp\u00e9ciales"}]},{"@type":"WebSite","@id":"https:\/\/tentesam.ca\/#website","url":"https:\/\/tentesam.ca\/","name":"TENTES AM\u00c9LIE MARCOTTE","description":"Vivez l&#039;exp\u00e9rience TAM!","publisher":{"@id":"https:\/\/tentesam.ca\/#organization"},"potentialAction":[{"@type":"SearchAction","target":{"@type":"EntryPoint","urlTemplate":"https:\/\/tentesam.ca\/?s={search_term_string}"},"query-input":"required name=search_term_string"}],"inLanguage":"fr-FR"},{"@type":"Organization","@id":"https:\/\/tentesam.ca\/#organization","name":"TAM","url":"https:\/\/tentesam.ca\/","sameAs":["https:\/\/www.facebook.com\/tentes.amelie.marcotte"],"logo":{"@type":"ImageObject","inLanguage":"fr-FR","@id":"https:\/\/tentesam.ca\/#\/schema\/logo\/image\/","url":"https:\/\/tentesam.ca\/wp-content\/uploads\/2018\/12\/TAM_logo-web.png","contentUrl":"https:\/\/tentesam.ca\/wp-content\/uploads\/2018\/12\/TAM_logo-web.png","width":270,"height":264,"caption":"TAM"},"image":{"@id":"https:\/\/tentesam.ca\/#\/schema\/logo\/image\/"}}]}},"_links":{"self":[{"href":"https:\/\/tentesam.ca\/index.php\/wp-json\/wp\/v2\/product\/592"}],"collection":[{"href":"https:\/\/tentesam.ca\/index.php\/wp-json\/wp\/v2\/product"}],"about":[{"href":"https:\/\/tentesam.ca\/index.php\/wp-json\/wp\/v2\/types\/product"}],"wp:featuredmedia":[{"embeddable":true,"href":"https:\/\/tentesam.ca\/index.php\/wp-json\/wp\/v2\/media\/952"}],"wp:attachment":[{"href":"https:\/\/tentesam.ca\/index.php\/wp-json\/wp\/v2\/media?parent=592"}],"wp:term":[{"taxonomy":"product_cat","embeddable":true,"href":"https:\/\/tentesam.ca\/index.php\/wp-json\/wp\/v2\/product_cat?post=592"},{"taxonomy":"product_tag","embeddable":true,"href":"https:\/\/tentesam.ca\/index.php\/wp-json\/wp\/v2\/product_tag?post=592"}],"curies":[{"name":"wp","href":"https:\/\/api.w.org\/{rel}","templated":true}]}}