{"id":420,"date":"2019-03-30T14:46:59","date_gmt":"2019-03-30T18:46:59","guid":{"rendered":"https:\/\/tentesam.ca\/?post_type=product&#038;p=420"},"modified":"2025-10-25T10:31:17","modified_gmt":"2025-10-25T14:31:17","slug":"420","status":"publish","type":"product","link":"https:\/\/tentesam.ca\/index.php\/produit\/420\/","title":{"rendered":"Tipi"},"content":{"rendered":"<p>Nos tipis sont fabriqu\u00e9es \u00e0 partir de canevas 100% coton de 10 onces, trait\u00e9 sunforger. Il est hydrofuge, r\u00e9sistant \u00e0 la moisissure et ignifuge. Ce mat\u00e9riel est tr\u00e8s r\u00e9sistant, l\u00e9ger et respire bien.<\/p>\n<p>Comprend: porte ronde avec panneau refermable, flaps de boucane, ganses et cordons.<\/p>\n<p>L\u2019ajout de sp\u00e9cificit\u00e9s comme des fen\u00eatres, sortie de chemin\u00e9e, ou porte droite est toujours possible sur demande, moyennant des frais suppl\u00e9mentaires. \u00c0 noter que les prix peuvent changer sans pr\u00e9avis. Livr\u00e9 dans un sac de transport en fabrene, solide et imperm\u00e9able.<\/p>\n<p>Nos tipis ont \u00e9t\u00e9 test\u00e9es et utilis\u00e9es sur de longues p\u00e9riodes. Des renforts ont \u00e9t\u00e9 pos\u00e9s aux endroits opportuns de fa\u00e7on \u00e0 pr\u00e9server votre tente le plus longtemps possible et \u00e9viter les mauvaises surprises au beau milieu de la for\u00eat!<\/p>\n<p><strong>IMPORTANT : Les perches, b\u00e2tons et piquets ne sont pas inclus avec le tipi.<\/strong><\/p>\n<h4>Liste de prix selon le diam\u00e8tre du tipi<\/h4>\n<ul>\n<li><strong>12 pieds : 950,00$\u00a0\u00a0\u00a0\u00a0\u00a0\u00a0\u00a0\u00a0 \u00a0\u00a0 \u00a0 liner: 500,00$<br \/>\n<\/strong><\/li>\n<li><strong>14 pieds : 1100,00$\u00a0 \u00a0 \u00a0 \u00a0 \u00a0 \u00a0 liner: 550,00$<br \/>\n<\/strong><\/li>\n<li><strong>15 pieds : 1320,00 $\u00a0\u00a0 \u00a0\u00a0 \u00a0 \u00a0\u00a0 liner: 600,00$<br \/>\n<\/strong><\/li>\n<li><strong>16 pieds : 1550,00$\u00a0\u00a0\u00a0\u00a0\u00a0 \u00a0 \u00a0\u00a0\u00a0 liner: 650,00$<br \/>\n<\/strong><\/li>\n<li><strong>18 pieds : 1 800,00$\u00a0 \u00a0 \u00a0 \u00a0 \u00a0 liner: 725,00$<br \/>\n<\/strong><\/li>\n<li><strong>20 pieds : 2100,00$\u00a0 \u00a0 \u00a0 \u00a0 \u00a0 liner: 825,00$<br \/>\n<\/strong><\/li>\n<li><strong>24 pieds : 3100,00$\u00a0\u00a0\u00a0 \u00a0 \u00a0\u00a0\u00a0 liner: 950,00$<br \/>\n<\/strong><\/li>\n<\/ul>\n<p><strong>Options<\/strong><\/p>\n<ul>\n<li><strong>Fen\u00eatre moustiquaire refermable 24&#215;24 pouces :\u00a0 150,00$<\/strong><\/li>\n<li><strong>Fen\u00eatre moustiquaire refermable 24&#215;36 pouces : 190,00$<\/strong><\/li>\n<li><strong>Fen\u00eatre moustiquaire refermable 36&#215;36 pouces : 230,00$<\/strong><\/li>\n<li><strong>Sortie de chemin\u00e9e suppl\u00e9mentaire : 100,00$<\/strong><\/li>\n<li><strong>Sortie de chemin\u00e9e refermable: 150,00$<\/strong><\/li>\n<li><strong>Porte droite avec panneau refermable: 120,00$<\/strong><\/li>\n<li><strong>Porte ronde avec panneau refermable: compris dans le prix<\/strong><\/li>\n<li><strong>Jupette dans le bas: 100,00$-200,00$<\/strong><\/li>\n<\/ul>\n<p>Taxes non-incluses. Les prix peuvent changer sans pr\u00e9avis.<\/p>\n","protected":false},"excerpt":{"rendered":"<p>Tipi de dimension au choix. Voir les exemples de prix dans la description d\u00e9taill\u00e9e ci-dessous.<\/p>\n","protected":false},"featured_media":421,"template":"","meta":[],"product_cat":[17],"product_tag":[],"yoast_head":"<!-- This site is optimized with the Yoast SEO plugin v19.7.1 - https:\/\/yoast.com\/wordpress\/plugins\/seo\/ -->\n<title>Tipi - TENTES AM\u00c9LIE MARCOTTE<\/title>\n<meta name=\"robots\" content=\"index, follow, max-snippet:-1, max-image-preview:large, max-video-preview:-1\" \/>\n<link rel=\"canonical\" href=\"https:\/\/tentesam.ca\/index.php\/produit\/420\/\" \/>\n<meta property=\"og:locale\" content=\"fr_FR\" \/>\n<meta property=\"og:type\" content=\"article\" \/>\n<meta property=\"og:title\" content=\"Tipi - TENTES AM\u00c9LIE MARCOTTE\" \/>\n<meta property=\"og:description\" content=\"Tipi de dimension au choix. Voir les exemples de prix dans la description d\u00e9taill\u00e9e ci-dessous.\" \/>\n<meta property=\"og:url\" content=\"https:\/\/tentesam.ca\/index.php\/produit\/420\/\" \/>\n<meta property=\"og:site_name\" content=\"TENTES AM\u00c9LIE MARCOTTE\" \/>\n<meta property=\"article:publisher\" content=\"https:\/\/www.facebook.com\/tentes.amelie.marcotte\" \/>\n<meta property=\"article:modified_time\" content=\"2025-10-25T14:31:17+00:00\" \/>\n<meta property=\"og:image\" content=\"https:\/\/tentesam.ca\/wp-content\/uploads\/2019\/03\/20180624_145704-1.jpg\" \/>\n\t<meta property=\"og:image:width\" content=\"800\" \/>\n\t<meta property=\"og:image:height\" content=\"600\" \/>\n\t<meta property=\"og:image:type\" content=\"image\/jpeg\" \/>\n<meta name=\"twitter:card\" content=\"summary_large_image\" \/>\n<meta name=\"twitter:label1\" content=\"Dur\u00e9e de lecture estim\u00e9e\" \/>\n\t<meta name=\"twitter:data1\" content=\"2 minutes\" \/>\n<script type=\"application\/ld+json\" class=\"yoast-schema-graph\">{\"@context\":\"https:\/\/schema.org\",\"@graph\":[{\"@type\":\"WebPage\",\"@id\":\"https:\/\/tentesam.ca\/index.php\/produit\/420\/\",\"url\":\"https:\/\/tentesam.ca\/index.php\/produit\/420\/\",\"name\":\"Tipi - TENTES AM\u00c9LIE MARCOTTE\",\"isPartOf\":{\"@id\":\"https:\/\/tentesam.ca\/#website\"},\"datePublished\":\"2019-03-30T18:46:59+00:00\",\"dateModified\":\"2025-10-25T14:31:17+00:00\",\"breadcrumb\":{\"@id\":\"https:\/\/tentesam.ca\/index.php\/produit\/420\/#breadcrumb\"},\"inLanguage\":\"fr-FR\",\"potentialAction\":[{\"@type\":\"ReadAction\",\"target\":[\"https:\/\/tentesam.ca\/index.php\/produit\/420\/\"]}]},{\"@type\":\"BreadcrumbList\",\"@id\":\"https:\/\/tentesam.ca\/index.php\/produit\/420\/#breadcrumb\",\"itemListElement\":[{\"@type\":\"ListItem\",\"position\":1,\"name\":\"Accueil\",\"item\":\"https:\/\/tentesam.ca\/\"},{\"@type\":\"ListItem\",\"position\":2,\"name\":\"Tipi\"}]},{\"@type\":\"WebSite\",\"@id\":\"https:\/\/tentesam.ca\/#website\",\"url\":\"https:\/\/tentesam.ca\/\",\"name\":\"TENTES AM\u00c9LIE MARCOTTE\",\"description\":\"Vivez l&#039;exp\u00e9rience TAM!\",\"publisher\":{\"@id\":\"https:\/\/tentesam.ca\/#organization\"},\"potentialAction\":[{\"@type\":\"SearchAction\",\"target\":{\"@type\":\"EntryPoint\",\"urlTemplate\":\"https:\/\/tentesam.ca\/?s={search_term_string}\"},\"query-input\":\"required name=search_term_string\"}],\"inLanguage\":\"fr-FR\"},{\"@type\":\"Organization\",\"@id\":\"https:\/\/tentesam.ca\/#organization\",\"name\":\"TAM\",\"url\":\"https:\/\/tentesam.ca\/\",\"sameAs\":[\"https:\/\/www.facebook.com\/tentes.amelie.marcotte\"],\"logo\":{\"@type\":\"ImageObject\",\"inLanguage\":\"fr-FR\",\"@id\":\"https:\/\/tentesam.ca\/#\/schema\/logo\/image\/\",\"url\":\"https:\/\/tentesam.ca\/wp-content\/uploads\/2018\/12\/TAM_logo-web.png\",\"contentUrl\":\"https:\/\/tentesam.ca\/wp-content\/uploads\/2018\/12\/TAM_logo-web.png\",\"width\":270,\"height\":264,\"caption\":\"TAM\"},\"image\":{\"@id\":\"https:\/\/tentesam.ca\/#\/schema\/logo\/image\/\"}}]}<\/script>\n<!-- \/ Yoast SEO plugin. -->","yoast_head_json":{"title":"Tipi - TENTES AM\u00c9LIE MARCOTTE","robots":{"index":"index","follow":"follow","max-snippet":"max-snippet:-1","max-image-preview":"max-image-preview:large","max-video-preview":"max-video-preview:-1"},"canonical":"https:\/\/tentesam.ca\/index.php\/produit\/420\/","og_locale":"fr_FR","og_type":"article","og_title":"Tipi - TENTES AM\u00c9LIE MARCOTTE","og_description":"Tipi de dimension au choix. Voir les exemples de prix dans la description d\u00e9taill\u00e9e ci-dessous.","og_url":"https:\/\/tentesam.ca\/index.php\/produit\/420\/","og_site_name":"TENTES AM\u00c9LIE MARCOTTE","article_publisher":"https:\/\/www.facebook.com\/tentes.amelie.marcotte","article_modified_time":"2025-10-25T14:31:17+00:00","og_image":[{"width":800,"height":600,"url":"https:\/\/tentesam.ca\/wp-content\/uploads\/2019\/03\/20180624_145704-1.jpg","type":"image\/jpeg"}],"twitter_card":"summary_large_image","twitter_misc":{"Dur\u00e9e de lecture estim\u00e9e":"2 minutes"},"schema":{"@context":"https:\/\/schema.org","@graph":[{"@type":"WebPage","@id":"https:\/\/tentesam.ca\/index.php\/produit\/420\/","url":"https:\/\/tentesam.ca\/index.php\/produit\/420\/","name":"Tipi - TENTES AM\u00c9LIE MARCOTTE","isPartOf":{"@id":"https:\/\/tentesam.ca\/#website"},"datePublished":"2019-03-30T18:46:59+00:00","dateModified":"2025-10-25T14:31:17+00:00","breadcrumb":{"@id":"https:\/\/tentesam.ca\/index.php\/produit\/420\/#breadcrumb"},"inLanguage":"fr-FR","potentialAction":[{"@type":"ReadAction","target":["https:\/\/tentesam.ca\/index.php\/produit\/420\/"]}]},{"@type":"BreadcrumbList","@id":"https:\/\/tentesam.ca\/index.php\/produit\/420\/#breadcrumb","itemListElement":[{"@type":"ListItem","position":1,"name":"Accueil","item":"https:\/\/tentesam.ca\/"},{"@type":"ListItem","position":2,"name":"Tipi"}]},{"@type":"WebSite","@id":"https:\/\/tentesam.ca\/#website","url":"https:\/\/tentesam.ca\/","name":"TENTES AM\u00c9LIE MARCOTTE","description":"Vivez l&#039;exp\u00e9rience TAM!","publisher":{"@id":"https:\/\/tentesam.ca\/#organization"},"potentialAction":[{"@type":"SearchAction","target":{"@type":"EntryPoint","urlTemplate":"https:\/\/tentesam.ca\/?s={search_term_string}"},"query-input":"required name=search_term_string"}],"inLanguage":"fr-FR"},{"@type":"Organization","@id":"https:\/\/tentesam.ca\/#organization","name":"TAM","url":"https:\/\/tentesam.ca\/","sameAs":["https:\/\/www.facebook.com\/tentes.amelie.marcotte"],"logo":{"@type":"ImageObject","inLanguage":"fr-FR","@id":"https:\/\/tentesam.ca\/#\/schema\/logo\/image\/","url":"https:\/\/tentesam.ca\/wp-content\/uploads\/2018\/12\/TAM_logo-web.png","contentUrl":"https:\/\/tentesam.ca\/wp-content\/uploads\/2018\/12\/TAM_logo-web.png","width":270,"height":264,"caption":"TAM"},"image":{"@id":"https:\/\/tentesam.ca\/#\/schema\/logo\/image\/"}}]}},"_links":{"self":[{"href":"https:\/\/tentesam.ca\/index.php\/wp-json\/wp\/v2\/product\/420"}],"collection":[{"href":"https:\/\/tentesam.ca\/index.php\/wp-json\/wp\/v2\/product"}],"about":[{"href":"https:\/\/tentesam.ca\/index.php\/wp-json\/wp\/v2\/types\/product"}],"wp:featuredmedia":[{"embeddable":true,"href":"https:\/\/tentesam.ca\/index.php\/wp-json\/wp\/v2\/media\/421"}],"wp:attachment":[{"href":"https:\/\/tentesam.ca\/index.php\/wp-json\/wp\/v2\/media?parent=420"}],"wp:term":[{"taxonomy":"product_cat","embeddable":true,"href":"https:\/\/tentesam.ca\/index.php\/wp-json\/wp\/v2\/product_cat?post=420"},{"taxonomy":"product_tag","embeddable":true,"href":"https:\/\/tentesam.ca\/index.php\/wp-json\/wp\/v2\/product_tag?post=420"}],"curies":[{"name":"wp","href":"https:\/\/api.w.org\/{rel}","templated":true}]}}