{"id":641,"date":"2019-04-08T16:44:21","date_gmt":"2019-04-08T20:44:21","guid":{"rendered":"https:\/\/tentesam.ca\/?page_id=641"},"modified":"2023-08-18T07:56:47","modified_gmt":"2023-08-18T11:56:47","slug":"conditions-generales-de-vente","status":"publish","type":"page","link":"https:\/\/tentesam.ca\/index.php\/a-propos\/conditions-generales-de-vente\/","title":{"rendered":"CONDITIONS G\u00c9N\u00c9RALES DE VENTE"},"content":{"rendered":"<h2><i class=\"fa fa-truck \" ><\/i> Livraison<\/h2>\n\n\n<p>Pr\u00e9voir un d\u00e9lai de huit (8) semaines entre votre commande et la livraison. <\/p>\n\n\n\n<p>Les frais de ceux-ci sont \u00e0 votre charge. Je priorise le transport par GLS (Dicom). <\/p>\n\n\n<h2><i class=\"fa fa-shopping-cart \" ><\/i> Passer une commande<\/h2>\n\n\n<p>Un d\u00e9p\u00f4t de 50% de la facture totale (incluant les taxes) est exig\u00e9 avant le d\u00e9but des travaux. L\u2019autre moiti\u00e9 est demand\u00e9 avant la livraison finale. <\/p>\n\n\n\n<p>Vous pouvez me faire un virement <em>Interac<\/em> \u00e0 l&#8217;adresse am@tentesam.ca ou m\u2019envoyer un ch\u00e8que \u00e0 cette adresse :<br><strong>249, chemin du Quai<br>La Motte, QC  <br>J0Y 1T0 <\/strong><\/p>\n\n\n\n<h2><i class=\"fa fa-exclamation-circle  \" ><\/i> Autres conditions<\/h2>\n\n\n<p><!--EndFragment--><\/p>\n<p>L&#8217;utilisation d&#8217;un appareil de chauffage \u00e0 l&#8217;int\u00e9rieur des tentes TAM est au risque de l&#8217;utilisateur. TAM se d\u00e9gage compl\u00e8tement de la responsabilit\u00e9 advenant un incendie ou autre dommage caus\u00e9 par l&#8217;utilisation d&#8217;un appareil de chauffage, incluant un po\u00eale \u00e0 bois.<\/p>\n<p>Les prix indiqu\u00e9s sur ce site Web sont en devise canadienne et n&#8217;inclus pas les taxes. \u00c0 noter que les prix peuvent changer sans pr\u00e9avis.<\/p>\n\n\n<p><\/p>\n","protected":false},"excerpt":{"rendered":"<p>Livraison Pr\u00e9voir un d\u00e9lai de huit (8) semaines entre votre commande et la livraison. Les frais de ceux-ci sont \u00e0 votre charge. Je priorise le transport par GLS (Dicom). Passer [&hellip;]<\/p>\n","protected":false},"author":1,"featured_media":0,"parent":74,"menu_order":0,"comment_status":"closed","ping_status":"closed","template":"","meta":[],"yoast_head":"<!-- This site is optimized with the Yoast SEO plugin v19.7.1 - https:\/\/yoast.com\/wordpress\/plugins\/seo\/ -->\n<title>CONDITIONS G\u00c9N\u00c9RALES DE VENTE - TENTES AM\u00c9LIE MARCOTTE<\/title>\n<meta name=\"robots\" content=\"index, follow, max-snippet:-1, max-image-preview:large, max-video-preview:-1\" \/>\n<link rel=\"canonical\" href=\"https:\/\/tentesam.ca\/index.php\/a-propos\/conditions-generales-de-vente\/\" \/>\n<meta property=\"og:locale\" content=\"fr_FR\" \/>\n<meta property=\"og:type\" content=\"article\" \/>\n<meta property=\"og:title\" content=\"CONDITIONS G\u00c9N\u00c9RALES DE VENTE - TENTES AM\u00c9LIE MARCOTTE\" \/>\n<meta property=\"og:description\" content=\"Livraison Pr\u00e9voir un d\u00e9lai de huit (8) semaines entre votre commande et la livraison. Les frais de ceux-ci sont \u00e0 votre charge. Je priorise le transport par GLS (Dicom). Passer [&hellip;]\" \/>\n<meta property=\"og:url\" content=\"https:\/\/tentesam.ca\/index.php\/a-propos\/conditions-generales-de-vente\/\" \/>\n<meta property=\"og:site_name\" content=\"TENTES AM\u00c9LIE MARCOTTE\" \/>\n<meta property=\"article:publisher\" content=\"https:\/\/www.facebook.com\/tentes.amelie.marcotte\" \/>\n<meta property=\"article:modified_time\" content=\"2023-08-18T11:56:47+00:00\" \/>\n<meta property=\"og:image\" content=\"https:\/\/tentesam.ca\/wp-content\/uploads\/2018\/12\/TAM_logo-web-bg.png\" \/>\n\t<meta property=\"og:image:width\" content=\"1200\" \/>\n\t<meta property=\"og:image:height\" content=\"1173\" \/>\n\t<meta property=\"og:image:type\" content=\"image\/png\" \/>\n<meta name=\"twitter:card\" content=\"summary_large_image\" \/>\n<meta name=\"twitter:label1\" content=\"Dur\u00e9e de lecture estim\u00e9e\" \/>\n\t<meta name=\"twitter:data1\" content=\"1 minute\" \/>\n<script type=\"application\/ld+json\" class=\"yoast-schema-graph\">{\"@context\":\"https:\/\/schema.org\",\"@graph\":[{\"@type\":\"WebPage\",\"@id\":\"https:\/\/tentesam.ca\/index.php\/a-propos\/conditions-generales-de-vente\/\",\"url\":\"https:\/\/tentesam.ca\/index.php\/a-propos\/conditions-generales-de-vente\/\",\"name\":\"CONDITIONS G\u00c9N\u00c9RALES DE VENTE - TENTES AM\u00c9LIE MARCOTTE\",\"isPartOf\":{\"@id\":\"https:\/\/tentesam.ca\/#website\"},\"datePublished\":\"2019-04-08T20:44:21+00:00\",\"dateModified\":\"2023-08-18T11:56:47+00:00\",\"breadcrumb\":{\"@id\":\"https:\/\/tentesam.ca\/index.php\/a-propos\/conditions-generales-de-vente\/#breadcrumb\"},\"inLanguage\":\"fr-FR\",\"potentialAction\":[{\"@type\":\"ReadAction\",\"target\":[\"https:\/\/tentesam.ca\/index.php\/a-propos\/conditions-generales-de-vente\/\"]}]},{\"@type\":\"BreadcrumbList\",\"@id\":\"https:\/\/tentesam.ca\/index.php\/a-propos\/conditions-generales-de-vente\/#breadcrumb\",\"itemListElement\":[{\"@type\":\"ListItem\",\"position\":1,\"name\":\"Accueil\",\"item\":\"https:\/\/tentesam.ca\/\"},{\"@type\":\"ListItem\",\"position\":2,\"name\":\"\u00c0 PROPOS\",\"item\":\"https:\/\/tentesam.ca\/index.php\/a-propos\/\"},{\"@type\":\"ListItem\",\"position\":3,\"name\":\"CONDITIONS G\u00c9N\u00c9RALES DE VENTE\"}]},{\"@type\":\"WebSite\",\"@id\":\"https:\/\/tentesam.ca\/#website\",\"url\":\"https:\/\/tentesam.ca\/\",\"name\":\"TENTES AM\u00c9LIE MARCOTTE\",\"description\":\"Vivez l&#039;exp\u00e9rience TAM!\",\"publisher\":{\"@id\":\"https:\/\/tentesam.ca\/#organization\"},\"potentialAction\":[{\"@type\":\"SearchAction\",\"target\":{\"@type\":\"EntryPoint\",\"urlTemplate\":\"https:\/\/tentesam.ca\/?s={search_term_string}\"},\"query-input\":\"required name=search_term_string\"}],\"inLanguage\":\"fr-FR\"},{\"@type\":\"Organization\",\"@id\":\"https:\/\/tentesam.ca\/#organization\",\"name\":\"TAM\",\"url\":\"https:\/\/tentesam.ca\/\",\"sameAs\":[\"https:\/\/www.facebook.com\/tentes.amelie.marcotte\"],\"logo\":{\"@type\":\"ImageObject\",\"inLanguage\":\"fr-FR\",\"@id\":\"https:\/\/tentesam.ca\/#\/schema\/logo\/image\/\",\"url\":\"https:\/\/tentesam.ca\/wp-content\/uploads\/2018\/12\/TAM_logo-web.png\",\"contentUrl\":\"https:\/\/tentesam.ca\/wp-content\/uploads\/2018\/12\/TAM_logo-web.png\",\"width\":270,\"height\":264,\"caption\":\"TAM\"},\"image\":{\"@id\":\"https:\/\/tentesam.ca\/#\/schema\/logo\/image\/\"}}]}<\/script>\n<!-- \/ Yoast SEO plugin. -->","yoast_head_json":{"title":"CONDITIONS G\u00c9N\u00c9RALES DE VENTE - TENTES AM\u00c9LIE MARCOTTE","robots":{"index":"index","follow":"follow","max-snippet":"max-snippet:-1","max-image-preview":"max-image-preview:large","max-video-preview":"max-video-preview:-1"},"canonical":"https:\/\/tentesam.ca\/index.php\/a-propos\/conditions-generales-de-vente\/","og_locale":"fr_FR","og_type":"article","og_title":"CONDITIONS G\u00c9N\u00c9RALES DE VENTE - TENTES AM\u00c9LIE MARCOTTE","og_description":"Livraison Pr\u00e9voir un d\u00e9lai de huit (8) semaines entre votre commande et la livraison. Les frais de ceux-ci sont \u00e0 votre charge. Je priorise le transport par GLS (Dicom). Passer [&hellip;]","og_url":"https:\/\/tentesam.ca\/index.php\/a-propos\/conditions-generales-de-vente\/","og_site_name":"TENTES AM\u00c9LIE MARCOTTE","article_publisher":"https:\/\/www.facebook.com\/tentes.amelie.marcotte","article_modified_time":"2023-08-18T11:56:47+00:00","og_image":[{"width":1200,"height":1173,"url":"https:\/\/tentesam.ca\/wp-content\/uploads\/2018\/12\/TAM_logo-web-bg.png","type":"image\/png"}],"twitter_card":"summary_large_image","twitter_misc":{"Dur\u00e9e de lecture estim\u00e9e":"1 minute"},"schema":{"@context":"https:\/\/schema.org","@graph":[{"@type":"WebPage","@id":"https:\/\/tentesam.ca\/index.php\/a-propos\/conditions-generales-de-vente\/","url":"https:\/\/tentesam.ca\/index.php\/a-propos\/conditions-generales-de-vente\/","name":"CONDITIONS G\u00c9N\u00c9RALES DE VENTE - TENTES AM\u00c9LIE MARCOTTE","isPartOf":{"@id":"https:\/\/tentesam.ca\/#website"},"datePublished":"2019-04-08T20:44:21+00:00","dateModified":"2023-08-18T11:56:47+00:00","breadcrumb":{"@id":"https:\/\/tentesam.ca\/index.php\/a-propos\/conditions-generales-de-vente\/#breadcrumb"},"inLanguage":"fr-FR","potentialAction":[{"@type":"ReadAction","target":["https:\/\/tentesam.ca\/index.php\/a-propos\/conditions-generales-de-vente\/"]}]},{"@type":"BreadcrumbList","@id":"https:\/\/tentesam.ca\/index.php\/a-propos\/conditions-generales-de-vente\/#breadcrumb","itemListElement":[{"@type":"ListItem","position":1,"name":"Accueil","item":"https:\/\/tentesam.ca\/"},{"@type":"ListItem","position":2,"name":"\u00c0 PROPOS","item":"https:\/\/tentesam.ca\/index.php\/a-propos\/"},{"@type":"ListItem","position":3,"name":"CONDITIONS G\u00c9N\u00c9RALES DE VENTE"}]},{"@type":"WebSite","@id":"https:\/\/tentesam.ca\/#website","url":"https:\/\/tentesam.ca\/","name":"TENTES AM\u00c9LIE MARCOTTE","description":"Vivez l&#039;exp\u00e9rience TAM!","publisher":{"@id":"https:\/\/tentesam.ca\/#organization"},"potentialAction":[{"@type":"SearchAction","target":{"@type":"EntryPoint","urlTemplate":"https:\/\/tentesam.ca\/?s={search_term_string}"},"query-input":"required name=search_term_string"}],"inLanguage":"fr-FR"},{"@type":"Organization","@id":"https:\/\/tentesam.ca\/#organization","name":"TAM","url":"https:\/\/tentesam.ca\/","sameAs":["https:\/\/www.facebook.com\/tentes.amelie.marcotte"],"logo":{"@type":"ImageObject","inLanguage":"fr-FR","@id":"https:\/\/tentesam.ca\/#\/schema\/logo\/image\/","url":"https:\/\/tentesam.ca\/wp-content\/uploads\/2018\/12\/TAM_logo-web.png","contentUrl":"https:\/\/tentesam.ca\/wp-content\/uploads\/2018\/12\/TAM_logo-web.png","width":270,"height":264,"caption":"TAM"},"image":{"@id":"https:\/\/tentesam.ca\/#\/schema\/logo\/image\/"}}]}},"_links":{"self":[{"href":"https:\/\/tentesam.ca\/index.php\/wp-json\/wp\/v2\/pages\/641"}],"collection":[{"href":"https:\/\/tentesam.ca\/index.php\/wp-json\/wp\/v2\/pages"}],"about":[{"href":"https:\/\/tentesam.ca\/index.php\/wp-json\/wp\/v2\/types\/page"}],"author":[{"embeddable":true,"href":"https:\/\/tentesam.ca\/index.php\/wp-json\/wp\/v2\/users\/1"}],"replies":[{"embeddable":true,"href":"https:\/\/tentesam.ca\/index.php\/wp-json\/wp\/v2\/comments?post=641"}],"version-history":[{"count":9,"href":"https:\/\/tentesam.ca\/index.php\/wp-json\/wp\/v2\/pages\/641\/revisions"}],"predecessor-version":[{"id":878,"href":"https:\/\/tentesam.ca\/index.php\/wp-json\/wp\/v2\/pages\/641\/revisions\/878"}],"up":[{"embeddable":true,"href":"https:\/\/tentesam.ca\/index.php\/wp-json\/wp\/v2\/pages\/74"}],"wp:attachment":[{"href":"https:\/\/tentesam.ca\/index.php\/wp-json\/wp\/v2\/media?parent=641"}],"curies":[{"name":"wp","href":"https:\/\/api.w.org\/{rel}","templated":true}]}}